{"id":49,"date":"2025-08-23T14:39:51","date_gmt":"2025-08-23T05:39:51","guid":{"rendered":"https:\/\/sabatui.online\/?page_id=49"},"modified":"2025-08-23T15:50:33","modified_gmt":"2025-08-23T06:50:33","slug":"sobre-nos","status":"publish","type":"page","link":"https:\/\/sabatui.online\/?page_id=49","title":{"rendered":"Sobre a Sabatui"},"content":{"rendered":"\n<blockquote class=\"wp-block-quote is-layout-flow wp-block-quote-is-layout-flow\">\n<p>O Sabatui nasceu da uni\u00e3o entre experi\u00eancia profissional e paix\u00e3o pelas ra\u00edzes culturais de Okinawa.<\/p>\n<\/blockquote>\n\n\n\n<blockquote class=\"wp-block-quote is-layout-flow wp-block-quote-is-layout-flow\">\n<p>Atuamos como consultores culturais independentes, com apoio t\u00e9cnico de uma profissional licenciada em viagens no Jap\u00e3o (<strong>\u7dcf\u5408\u65c5\u884c\u696d\u52d9\u53d6\u6271\u7ba1\u7406\u8005<\/strong>).<\/p>\n<\/blockquote>\n\n\n\n<p><\/p>\n","protected":false},"excerpt":{"rendered":"<p>O Sabatui nasceu da uni\u00e3o entre experi\u00eancia profissional e paix\u00e3o pelas ra\u00edzes culturais de Okinawa. Atuamos c&#8230;<\/p>\n","protected":false},"author":1,"featured_media":0,"parent":0,"menu_order":0,"comment_status":"closed","ping_status":"closed","template":"","meta":{"_kadence_starter_templates_imported_post":false,"_kad_post_transparent":"","_kad_post_title":"","_kad_post_layout":"","_kad_post_sidebar_id":"","_kad_post_content_style":"","_kad_post_vertical_padding":"","_kad_post_feature":"","_kad_post_feature_position":"","_kad_post_header":false,"_kad_post_footer":false,"footnotes":""},"class_list":["post-49","page","type-page","status-publish","hentry"],"_links":{"self":[{"href":"https:\/\/sabatui.online\/index.php?rest_route=\/wp\/v2\/pages\/49","targetHints":{"allow":["GET"]}}],"collection":[{"href":"https:\/\/sabatui.online\/index.php?rest_route=\/wp\/v2\/pages"}],"about":[{"href":"https:\/\/sabatui.online\/index.php?rest_route=\/wp\/v2\/types\/page"}],"author":[{"embeddable":true,"href":"https:\/\/sabatui.online\/index.php?rest_route=\/wp\/v2\/users\/1"}],"replies":[{"embeddable":true,"href":"https:\/\/sabatui.online\/index.php?rest_route=%2Fwp%2Fv2%2Fcomments&post=49"}],"version-history":[{"count":3,"href":"https:\/\/sabatui.online\/index.php?rest_route=\/wp\/v2\/pages\/49\/revisions"}],"predecessor-version":[{"id":96,"href":"https:\/\/sabatui.online\/index.php?rest_route=\/wp\/v2\/pages\/49\/revisions\/96"}],"wp:attachment":[{"href":"https:\/\/sabatui.online\/index.php?rest_route=%2Fwp%2Fv2%2Fmedia&parent=49"}],"curies":[{"name":"wp","href":"https:\/\/api.w.org\/{rel}","templated":true}]}}