{"id":51,"date":"2025-08-23T14:40:06","date_gmt":"2025-08-23T05:40:06","guid":{"rendered":"https:\/\/sabatui.online\/?page_id=51"},"modified":"2025-08-23T15:52:44","modified_gmt":"2025-08-23T06:52:44","slug":"servicos","status":"publish","type":"page","link":"https:\/\/sabatui.online\/?page_id=51","title":{"rendered":"Servi\u00e7os"},"content":{"rendered":"\n<ul class=\"wp-block-list\">\n<li>Consultoria cultural<\/li>\n\n\n\n<li>Int\u00e9rprete tril\u00edngue (Portugu\u00eas\u2013Japon\u00eas\u2013Ingl\u00eas)<\/li>\n\n\n\n<li>Busca de ra\u00edzes familiares em Okinawa<\/li>\n\n\n\n<li>Tradu\u00e7\u00e3o de documentos<\/li>\n<\/ul>\n","protected":false},"excerpt":{"rendered":"","protected":false},"author":1,"featured_media":0,"parent":0,"menu_order":0,"comment_status":"closed","ping_status":"closed","template":"","meta":{"_kadence_starter_templates_imported_post":false,"_kad_post_transparent":"","_kad_post_title":"","_kad_post_layout":"","_kad_post_sidebar_id":"","_kad_post_content_style":"","_kad_post_vertical_padding":"","_kad_post_feature":"","_kad_post_feature_position":"","_kad_post_header":false,"_kad_post_footer":false,"footnotes":""},"class_list":["post-51","page","type-page","status-publish","hentry"],"_links":{"self":[{"href":"https:\/\/sabatui.online\/index.php?rest_route=\/wp\/v2\/pages\/51","targetHints":{"allow":["GET"]}}],"collection":[{"href":"https:\/\/sabatui.online\/index.php?rest_route=\/wp\/v2\/pages"}],"about":[{"href":"https:\/\/sabatui.online\/index.php?rest_route=\/wp\/v2\/types\/page"}],"author":[{"embeddable":true,"href":"https:\/\/sabatui.online\/index.php?rest_route=\/wp\/v2\/users\/1"}],"replies":[{"embeddable":true,"href":"https:\/\/sabatui.online\/index.php?rest_route=%2Fwp%2Fv2%2Fcomments&post=51"}],"version-history":[{"count":2,"href":"https:\/\/sabatui.online\/index.php?rest_route=\/wp\/v2\/pages\/51\/revisions"}],"predecessor-version":[{"id":99,"href":"https:\/\/sabatui.online\/index.php?rest_route=\/wp\/v2\/pages\/51\/revisions\/99"}],"wp:attachment":[{"href":"https:\/\/sabatui.online\/index.php?rest_route=%2Fwp%2Fv2%2Fmedia&parent=51"}],"curies":[{"name":"wp","href":"https:\/\/api.w.org\/{rel}","templated":true}]}}